{"id":1950,"date":"2017-01-02T21:14:35","date_gmt":"2017-01-02T20:14:35","guid":{"rendered":"https:\/\/fraktalwerk.de\/publikationen"},"modified":"2022-11-01T11:26:13","modified_gmt":"2022-11-01T10:26:13","slug":"publikationen","status":"publish","type":"page","link":"https:\/\/fraktalwerk.de\/en\/publikationen","title":{"rendered":"\u00c4sthetic Projects"},"content":{"rendered":"\n<figure class=\"wp-block-image size-large\"><img loading=\"lazy\" decoding=\"async\" width=\"600\" height=\"351\" src=\"https:\/\/fraktalwerk.de\/wp-content\/uploads\/2018\/08\/bauhauspost_03_752-600x351.jpg\" alt=\"\" class=\"wp-image-793\" srcset=\"https:\/\/fraktalwerk.de\/wp-content\/uploads\/2018\/08\/bauhauspost_03_752-600x351.jpg 600w, https:\/\/fraktalwerk.de\/wp-content\/uploads\/2018\/08\/bauhauspost_03_752-200x117.jpg 200w, https:\/\/fraktalwerk.de\/wp-content\/uploads\/2018\/08\/bauhauspost_03_752-400x234.jpg 400w, https:\/\/fraktalwerk.de\/wp-content\/uploads\/2018\/08\/bauhauspost_03_752.jpg 752w\" sizes=\"auto, (max-width: 600px) 100vw, 600px\" \/><\/figure>\n\n\n\n<p>Publications on our work can also be found on our project pages <a href=\"https:\/\/traumbeute.de\">Traumbeute<\/a> and <a href=\"https:\/\/entangelments.de\">Entangelments<\/a>.<\/p>\n\n\n\n<p>Literature on the format of aesthetic projects: <br><\/p>\n\n\n\n<figure class=\"wp-block-image size-full\"><img loading=\"lazy\" decoding=\"async\" width=\"233\" height=\"300\" src=\"https:\/\/fraktalwerk.de\/wp-content\/uploads\/2021\/03\/FW_Didaktische-Spielra\u0308ume.jpg\" alt=\"Didaktische Spielr\u00e4ume\" class=\"wp-image-1016\" srcset=\"https:\/\/fraktalwerk.de\/wp-content\/uploads\/2021\/03\/FW_Didaktische-Spielra\u0308ume.jpg 233w, https:\/\/fraktalwerk.de\/wp-content\/uploads\/2021\/03\/FW_Didaktische-Spielra\u0308ume-200x258.jpg 200w\" sizes=\"auto, (max-width: 233px) 100vw, 233px\" \/><\/figure>\n\n\n\n<p>Ulrike Hanke, Didaktische Spielr\u00e4ume: Konfigurationen eines spiel- und&nbsp;theaterp\u00e4dagogischen Curriculums f\u00fcr die Ausbildung von&nbsp;Sozialp\u00e4dagogen, Frankfurt\/M (Materialis) 1997<\/p>\n\n\n\n<figure class=\"wp-block-image\"><a href=\"https:\/\/fraktalwerk.de\/wp-content\/uploads\/2021\/03\/FW_Das-eigene-Ding.jpg\"><img loading=\"lazy\" decoding=\"async\" width=\"207\" height=\"300\" src=\"https:\/\/fraktalwerk.de\/wp-content\/uploads\/2021\/03\/FW_Das-eigene-Ding.jpg\" alt=\"\" class=\"wp-image-1015\" srcset=\"https:\/\/fraktalwerk.de\/wp-content\/uploads\/2021\/03\/FW_Das-eigene-Ding.jpg 207w, https:\/\/fraktalwerk.de\/wp-content\/uploads\/2021\/03\/FW_Das-eigene-Ding-180x261.jpg 180w\" sizes=\"auto, (max-width: 207px) 100vw, 207px\" \/><\/a><\/figure>\n\n\n\n<p>Ulrike Hanke\/Robert Krokowski,&nbsp;\u00c4sthetische Projekte Bd. 1:&nbsp;Das eigene Ding<br>Eine Dokumentation \u00e4sthetischer Bildung&nbsp;in der Lehr- und Lernforschung&nbsp;an der Hochschule Neubrandenburg<br>im Fachbereich Soziale Arbeit, Bildung und Erziehung&nbsp;Studienschwerpunkt \u00c4sthetik und Kommunikation\/Kultur- und Medienarbeit<br>Berlin Milow Strasburg (Schibri) 2006<\/p>\n\n\n\n<figure class=\"wp-block-image\"><a href=\"https:\/\/fraktalwerk.de\/wp-content\/uploads\/2021\/03\/FW_Gemeinsame-Sache.jpg\"><img loading=\"lazy\" decoding=\"async\" width=\"208\" height=\"300\" src=\"https:\/\/fraktalwerk.de\/wp-content\/uploads\/2021\/03\/FW_Gemeinsame-Sache.jpg\" alt=\"\" class=\"wp-image-1017\" srcset=\"https:\/\/fraktalwerk.de\/wp-content\/uploads\/2021\/03\/FW_Gemeinsame-Sache.jpg 208w, https:\/\/fraktalwerk.de\/wp-content\/uploads\/2021\/03\/FW_Gemeinsame-Sache-181x261.jpg 181w\" sizes=\"auto, (max-width: 208px) 100vw, 208px\" \/><\/a><\/figure>\n\n\n\n<p>Ulrike Hanke\/Robert Krokowski,&nbsp;\u00c4sthetische Projekte Bd. 2:&nbsp;Gemeinsame Sache. Die Schrift der Engel.<br>Eine Dokumentation \u00e4sthetischer Bildung&nbsp;in der Lehr- und Lernforschung&nbsp;an der Hochschule Neubrandenburg<br>im Fachbereich Soziale Arbeit, Bildung und Erziehung&nbsp;Studienschwerpunkt \u00c4sthetik und Kommunikation\/Kultur- und&nbsp;Medienarbeit<br>Berlin Milow Strasburg (Schibri) 2007<\/p>\n\n\n\n<p>Further documentation of aesthetic project work on request:<br>Robert Krokowski, Projekte \u00c4sthetischer Bildung.\u00a0an der Marie-Curie-Oberschule Berlin 2009\u20132011<br>Teil 1:\u00a0Wenn Schule tanzt. Teil 2:\u00a0Wenn Schule die Koffer packt. Teil 3: Schulkofferenz.<\/p>\n","protected":false},"excerpt":{"rendered":"<p>Publications on our work can also be found on our project pages Traumbeute and Entangelments. Literature on the format of<a class=\"moretag\" href=\"https:\/\/fraktalwerk.de\/en\/publikationen\"> [&#8230;]<\/a><\/p>\n","protected":false},"author":1,"featured_media":0,"parent":0,"menu_order":0,"comment_status":"closed","ping_status":"closed","template":"","meta":{"footnotes":""},"class_list":["post-1950","page","type-page","status-publish","hentry"],"_links":{"self":[{"href":"https:\/\/fraktalwerk.de\/en\/wp-json\/wp\/v2\/pages\/1950","targetHints":{"allow":["GET"]}}],"collection":[{"href":"https:\/\/fraktalwerk.de\/en\/wp-json\/wp\/v2\/pages"}],"about":[{"href":"https:\/\/fraktalwerk.de\/en\/wp-json\/wp\/v2\/types\/page"}],"author":[{"embeddable":true,"href":"https:\/\/fraktalwerk.de\/en\/wp-json\/wp\/v2\/users\/1"}],"replies":[{"embeddable":true,"href":"https:\/\/fraktalwerk.de\/en\/wp-json\/wp\/v2\/comments?post=1950"}],"version-history":[{"count":0,"href":"https:\/\/fraktalwerk.de\/en\/wp-json\/wp\/v2\/pages\/1950\/revisions"}],"wp:attachment":[{"href":"https:\/\/fraktalwerk.de\/en\/wp-json\/wp\/v2\/media?parent=1950"}],"curies":[{"name":"wp","href":"https:\/\/api.w.org\/{rel}","templated":true}]}}