{"id":4398,"date":"2024-01-12T11:04:40","date_gmt":"2024-01-12T10:04:40","guid":{"rendered":"https:\/\/fraktalwerk.de\/libertad-esmeralda-iocco"},"modified":"2024-04-22T21:37:49","modified_gmt":"2024-04-22T19:37:49","slug":"libertad-esmeralda-iocco","status":"publish","type":"page","link":"https:\/\/fraktalwerk.de\/en\/libertad-esmeralda-iocco","title":{"rendered":"Libertad Esmeralda Iocco"},"content":{"rendered":"\n<figure class=\"wp-block-image size-large\"><img loading=\"lazy\" decoding=\"async\" width=\"800\" height=\"533\" src=\"https:\/\/fraktalwerk.de\/wp-content\/uploads\/2024\/01\/IMG_0005-800x533.jpg\" alt=\"\" class=\"wp-image-3469\" srcset=\"https:\/\/fraktalwerk.de\/wp-content\/uploads\/2024\/01\/IMG_0005-800x533.jpg 800w, https:\/\/fraktalwerk.de\/wp-content\/uploads\/2024\/01\/IMG_0005-400x267.jpg 400w, https:\/\/fraktalwerk.de\/wp-content\/uploads\/2024\/01\/IMG_0005-200x133.jpg 200w, https:\/\/fraktalwerk.de\/wp-content\/uploads\/2024\/01\/IMG_0005-1536x1024.jpg 1536w, https:\/\/fraktalwerk.de\/wp-content\/uploads\/2024\/01\/IMG_0005.jpg 2000w\" sizes=\"auto, (max-width: 800px) 100vw, 800px\" \/><figcaption class=\"wp-element-caption\">\u00a9 Nicol\u00e1s Freda<\/figcaption><\/figure>\n\n\n\n<p><a href=\"https:\/\/libertadesmeralda.wixsite.com\/libertad\">https:\/\/libertadesmeralda.wixsite.com\/libertad<\/a><\/p>\n\n\n\n<p><\/p>\n\n\n\n<p><strong>2024<\/strong> Dancer and choreographer in &#8220;Broken Bodies&#8221; as part of the dance platform HIER=JETZT 2024 in Munich, Germany<br><strong>2024 <\/strong>Dancer in &#8220;Anhelo Sehnsucht&#8221; Dance-video by Mercedes Falkenberg | Germany &amp;<br>Argentina<br><strong>2023<\/strong> Dancer and choreoraphin in &#8220;Things that no longer move&#8221; Dance-video by Iocco, in Berlin<br><strong>2023<\/strong> Dancer in &#8220;Intermittent continuity&#8221; by Iocco &amp; Bertone, in Berlin<br><strong>2023<\/strong> Dancer and choreographer in &#8220;Tango Passagge&#8221; by Fraktalwerk Projekt Raum, in Berg\u00fcn, Switzerland<br><strong>2023<\/strong> Dancer and choreographer together with Katherin Rojas Contreras &#8220;The evening of an infinite day. Duet version&#8221; A.Part Festival in Berlin<br><strong>2023<\/strong> Dancer in &#8220;The known unknown&#8221; by Akiles, in Berlin<br><strong>2022<\/strong> Dancer and choreographer in &#8220;The afternoon of an infinite day&#8221;, Chemnitz,<br>Germany<br><strong>2022<\/strong> Dancer in &#8220;Cosmica 1971&#8221; by Britt August, Berlin Germany<br><strong>2021 <\/strong>Dancer in &#8220;Zeitbrucht&#8221; by Valentina Menz, in Potsdam, Germany<\/p>\n\n\n\n<p><strong>May 2021<\/strong> Scholarship as part of the DIS-TANZ-SOLO programme for the Fraktalwerk project &#8220;Entangelments&#8221; &#8211; Embodiments of Messages in Motion.<\/p>\n\n\n\n<p><strong>since 2020<\/strong> Fraktalwerk project &#8220;Entanglements&#8221; with Marlen Wagner and Robert Krokowski<\/p>\n\n\n\n<p><strong>2020\/2021 <\/strong>Choreography and dance for video &#8220;und in der Astgabel ein Rabe&#8221;, dir. Marlen Wagner, Berlin; dancer and performer in the participatory art project &#8220;Traumbeute&#8221;, Fraktalwerk, space for aesthetic projects, Berlin, (documentation in progress) \/ Pilates and yoga teacher training online, lesson preparation for contemporary dance, tango after lockdown, planning of contemporary and participatory dance projects.<\/p>\n\n\n\n<p><strong>2019\/2020<\/strong> Together with Ana Kancepolsky &#8220;El viaje es nuestro&#8221;. Performance between poetry and dance. &#8220;Why are you travelling? A journey you took years ago makes sense in a journey you are taking now. The answer lies in the reflection of a friend who travels where you have travelled and creates new paths \u2026&#8221;. \/ Focus on participatory dance projects.<\/p>\n\n\n\n<p><strong>2018<\/strong> Dancer in the dance video &#8220;Replica&#8221; by Mercedes Falkenberg, Pisando Pliegos Production. This video participated in the following festivals: V edition IMARP (Brazil), Cultural Cinema Showcase Hispanic-Latinic Heritage, (California, United States). &#8220;The attraction of the embrace, the unfolding of their femininity through the power of bodies, in the frame of time\/place.&#8221;<\/p>\n\n\n\n<p><strong>2017\/2018 <\/strong>Choreographer in the performance &#8220;Velar Por&#8221; by Rosa Teichmann. Funded by the Universidad Nacional de La Plata. Performance that continues the dialogue of the films &#8220;Uteros. Una mirada de Elsa Pav\u00f3n&#8221; and &#8220;Chicha, esperanza y dolor&#8221;. With the aim of continuing the search for truth and justice for the 30,000 people who disappeared during the last dictatorship.<\/p>\n\n\n\n<p>2017\/2018 Professor of Body Awareness at the Escuela de Danzas Tradicionales de La Plata, Buenos Aires, Argentina<\/p>\n\n\n\n<p><strong>2013-2016<\/strong> Studies with degree Profesora de danza contempor\u00e1nea. (Dance Teacher Contemporary Dance Orientation) Final grade 8.51, awarded by the Escuela de Danzas Cl\u00e1sicas de La Plata, Buenos Aires, Argentina<\/p>\n\n\n\n<p><strong>2013-2016<\/strong> Dancer in &#8220;Hacia la contemplaci\u00f3n&#8221; by the group Prajna Karuna (Arg. 2013), an experimental work between original music and dance that took the present moment as its main element, and similar projects; dancer in &#8220;SeMiCirculo&#8221; by Luc\u00eda Sandoval (Arg. 2014), a piece combining contemporary and tango dance. &#8220;MalVinas. Huellas en el agua&#8221; by Danzaaci\u00f3n (2016). Dance-video homage to the survivors of the war for the Malvinas in Argentina. Director of &#8220;Opuesto Complementario&#8221; (2016) about the combination of opposing extremes.<\/p>\n\n\n\n<p><strong>2011-2018<\/strong> Teacher for children (folk dance, dance and music), Centro de Ense\u00f1anza de Arte y Ciencia. La Plata, Buenos Aires, Argentina; Private school &#8220;Jos\u00e9 Manuel Estrada&#8221;, La Plata Buenos Aires Argentina; Public school &#8220;Jos\u00e9 Manuel Estrada&#8221;, La Plata Buenos Aires, Argentina. <\/p>\n\n\n\n<p>Public Schools N\u00b038, N\u00b021, N\u00b08 D.G.C.y E. La Plata and Berisso School N\u00b01, Buenos Aires, Argentina<\/p>\n\n\n\n<p><strong>2008-2016<\/strong> Graduated as Bailarina int\u00e9rprete de danza contempor\u00e1nea. (Dancer in contemporary dance); awarded by the Escuela de Danzas Cl\u00e1sicas de La Plata, Buenos Aires, Argentina<\/p>\n","protected":false},"excerpt":{"rendered":"<p>https:\/\/libertadesmeralda.wixsite.com\/libertad 2024 Dancer and choreographer in &#8220;Broken Bodies&#8221; as part of the dance platform HIER=JETZT 2024 in Munich, Germany2024 Dancer<a class=\"moretag\" href=\"https:\/\/fraktalwerk.de\/en\/libertad-esmeralda-iocco\"> [&#8230;]<\/a><\/p>\n","protected":false},"author":3,"featured_media":3470,"parent":0,"menu_order":1,"comment_status":"closed","ping_status":"closed","template":"","meta":{"footnotes":""},"class_list":["post-4398","page","type-page","status-publish","has-post-thumbnail","hentry"],"_links":{"self":[{"href":"https:\/\/fraktalwerk.de\/en\/wp-json\/wp\/v2\/pages\/4398","targetHints":{"allow":["GET"]}}],"collection":[{"href":"https:\/\/fraktalwerk.de\/en\/wp-json\/wp\/v2\/pages"}],"about":[{"href":"https:\/\/fraktalwerk.de\/en\/wp-json\/wp\/v2\/types\/page"}],"author":[{"embeddable":true,"href":"https:\/\/fraktalwerk.de\/en\/wp-json\/wp\/v2\/users\/3"}],"replies":[{"embeddable":true,"href":"https:\/\/fraktalwerk.de\/en\/wp-json\/wp\/v2\/comments?post=4398"}],"version-history":[{"count":0,"href":"https:\/\/fraktalwerk.de\/en\/wp-json\/wp\/v2\/pages\/4398\/revisions"}],"wp:featuredmedia":[{"embeddable":true,"href":"https:\/\/fraktalwerk.de\/en\/wp-json\/wp\/v2\/media\/3470"}],"wp:attachment":[{"href":"https:\/\/fraktalwerk.de\/en\/wp-json\/wp\/v2\/media?parent=4398"}],"curies":[{"name":"wp","href":"https:\/\/api.w.org\/{rel}","templated":true}]}}