{"id":1797,"date":"2022-08-18T14:12:50","date_gmt":"2022-08-18T12:12:50","guid":{"rendered":"https:\/\/fraktalwerk.de\/projekte"},"modified":"2023-08-22T10:22:25","modified_gmt":"2023-08-22T08:22:25","slug":"projekte","status":"publish","type":"page","link":"https:\/\/fraktalwerk.de\/es\/projekte","title":{"rendered":"PROYECTOS"},"content":{"rendered":"\n<p>Hacer lo nuestro y hacer las cosas juntos, juntos y en solitario, as\u00ed es como trabajamos en los diferentes proyectos. Ya sean proyectos a largo plazo o miscel\u00e1neos: Siempre sentimos curiosidad por los nuevos impulsos.<br>Como grupo, invitamos a la gente a trabajar con nosotros en proyectos, en constelaciones siempre cambiantes. A veces la colaboraci\u00f3n dura tanto como el proyecto; otras veces s\u00f3lo hay una breve aparici\u00f3n como invitado. Los proyectos individuales son tan amplios que hemos creado nuevos sitios web para ellos:<\/p>\n\n\n\n<figure class=\"wp-block-image size-large\"><a href=\"https:\/\/entangelments.de\"><img loading=\"lazy\" decoding=\"async\" width=\"600\" height=\"64\" src=\"https:\/\/fraktalwerk.de\/wp-content\/uploads\/2022\/08\/entangelments-2-600x64.jpg\" alt=\"\" class=\"wp-image-1171\" srcset=\"https:\/\/fraktalwerk.de\/wp-content\/uploads\/2022\/08\/entangelments-2-600x64.jpg 600w, https:\/\/fraktalwerk.de\/wp-content\/uploads\/2022\/08\/entangelments-2-400x43.jpg 400w, https:\/\/fraktalwerk.de\/wp-content\/uploads\/2022\/08\/entangelments-2-200x21.jpg 200w, https:\/\/fraktalwerk.de\/wp-content\/uploads\/2022\/08\/entangelments-2-1536x164.jpg 1536w, https:\/\/fraktalwerk.de\/wp-content\/uploads\/2022\/08\/entangelments-2.jpg 1920w\" sizes=\"auto, (max-width: 600px) 100vw, 600px\" \/><\/a><\/figure>\n\n\n\n<p>El proyecto art\u00edstico \u00ab<a href=\"https:\/\/entangelments.de\/es\/\">Lenguaje de los \u00c1ngeles<\/a>\u00bb pretende encontrar conexiones entre estos mundos de la imaginaci\u00f3n. Las partes individuales del proyecto se llevan a cabo como proyectos art\u00edsticos participativos, aprovechando la experiencia de trabajar con proyectos de educaci\u00f3n est\u00e9tica. El microproyecto 2021\/22 en el contexto de la Capital de la Cultura Chemnitz 2025 se centr\u00f3 en desaf\u00edos fotogr\u00e1ficos, talleres de danza y actuaciones sobre representaciones pict\u00f3ricas, fotos de figuras de \u00e1ngeles y otras figuras de mensajeros cuyos gestos tienen un significado legible, y sobre su traducci\u00f3n a otras formas de representaci\u00f3n.<\/p>\n\n\n\n<figure class=\"wp-block-image size-large\"><a href=\"https:\/\/traumbeute.de\"><img loading=\"lazy\" decoding=\"async\" width=\"600\" height=\"64\" src=\"https:\/\/fraktalwerk.de\/wp-content\/uploads\/2022\/08\/traumbeute-600x64.jpg\" alt=\"\" class=\"wp-image-1172\" srcset=\"https:\/\/fraktalwerk.de\/wp-content\/uploads\/2022\/08\/traumbeute-600x64.jpg 600w, https:\/\/fraktalwerk.de\/wp-content\/uploads\/2022\/08\/traumbeute-400x43.jpg 400w, https:\/\/fraktalwerk.de\/wp-content\/uploads\/2022\/08\/traumbeute-200x21.jpg 200w, https:\/\/fraktalwerk.de\/wp-content\/uploads\/2022\/08\/traumbeute-1536x164.jpg 1536w, https:\/\/fraktalwerk.de\/wp-content\/uploads\/2022\/08\/traumbeute.jpg 1920w\" sizes=\"auto, (max-width: 600px) 100vw, 600px\" \/><\/a><\/figure>\n\n\n\n<p>En 2024 tendr\u00e1 lugar el taller\/exposici\u00f3n \u00ab<a href=\"https:\/\/traumbeute.de\/es\/\">Dream Prey<\/a>\u00ab. El taller mostrar\u00e1 los proyectos actuales de los colaboradores en forma de instalaciones, montajes, performances, lecturas, pel\u00edculas y fotograf\u00edas. Adem\u00e1s, se expondr\u00e1n los resultados del \u00abFraktalwerk in process\u00bb de los \u00faltimos 20 a\u00f1os. Los artefactos, onirofactos y otros botines on\u00edricos creados durante largos periodos de tiempo se transforman a trav\u00e9s de la reconfiguraci\u00f3n cuando se \u00abexponen\u00bb al proceso de trabajo on\u00edrico y se vuelven a trabajar.<\/p>\n\n\n\n<figure class=\"wp-block-image size-large\"><a href=\"http:\/\/www.schrift-der-engel.de\/konfigs\/projekt\/projekt.htm\"><img loading=\"lazy\" decoding=\"async\" width=\"600\" height=\"64\" src=\"https:\/\/fraktalwerk.de\/wp-content\/uploads\/2022\/08\/sde-600x64.jpg\" alt=\"\" class=\"wp-image-1173\" srcset=\"https:\/\/fraktalwerk.de\/wp-content\/uploads\/2022\/08\/sde-600x64.jpg 600w, https:\/\/fraktalwerk.de\/wp-content\/uploads\/2022\/08\/sde-400x43.jpg 400w, https:\/\/fraktalwerk.de\/wp-content\/uploads\/2022\/08\/sde-200x21.jpg 200w, https:\/\/fraktalwerk.de\/wp-content\/uploads\/2022\/08\/sde-1536x164.jpg 1536w, https:\/\/fraktalwerk.de\/wp-content\/uploads\/2022\/08\/sde.jpg 1920w\" sizes=\"auto, (max-width: 600px) 100vw, 600px\" \/><\/a><\/figure>\n\n\n\n<p><em><a href=\"http:\/\/www.schrift-der-engel.de\/konfigs\/projekt\/projekt.htm\">La escritura de los \u00e1ngeles<\/a><\/em> es un proyecto art\u00edstico iniciado por Robert Krokowski y llevado a cabo por todos los colaboradores del proyecto art\u00edstico. Los personajes surgieron de los trabajos de gui\u00f3n de Robert Krokowski de 1980 a 2000. y aparecen en proyectos art\u00edsticos siempre nuevos: como signos, como adivinanzas, como descripciones corporales, tatuajes\u2026<br><\/p>\n","protected":false},"excerpt":{"rendered":"<p>Hacer lo nuestro y hacer las cosas juntos, juntos y en solitario, as\u00ed es como trabajamos en los diferentes proyectos.<a class=\"moretag\" href=\"https:\/\/fraktalwerk.de\/es\/projekte\"> [&#8230;]<\/a><\/p>\n","protected":false},"author":3,"featured_media":0,"parent":0,"menu_order":0,"comment_status":"closed","ping_status":"closed","template":"","meta":{"footnotes":""},"class_list":["post-1797","page","type-page","status-publish","hentry"],"_links":{"self":[{"href":"https:\/\/fraktalwerk.de\/es\/wp-json\/wp\/v2\/pages\/1797","targetHints":{"allow":["GET"]}}],"collection":[{"href":"https:\/\/fraktalwerk.de\/es\/wp-json\/wp\/v2\/pages"}],"about":[{"href":"https:\/\/fraktalwerk.de\/es\/wp-json\/wp\/v2\/types\/page"}],"author":[{"embeddable":true,"href":"https:\/\/fraktalwerk.de\/es\/wp-json\/wp\/v2\/users\/3"}],"replies":[{"embeddable":true,"href":"https:\/\/fraktalwerk.de\/es\/wp-json\/wp\/v2\/comments?post=1797"}],"version-history":[{"count":0,"href":"https:\/\/fraktalwerk.de\/es\/wp-json\/wp\/v2\/pages\/1797\/revisions"}],"wp:attachment":[{"href":"https:\/\/fraktalwerk.de\/es\/wp-json\/wp\/v2\/media?parent=1797"}],"curies":[{"name":"wp","href":"https:\/\/api.w.org\/{rel}","templated":true}]}}