{"id":1806,"date":"2017-01-02T21:14:36","date_gmt":"2017-01-02T20:14:36","guid":{"rendered":"https:\/\/fraktalwerk.de\/projektraum"},"modified":"2022-11-14T14:14:21","modified_gmt":"2022-11-14T13:14:21","slug":"projektraum","status":"publish","type":"page","link":"https:\/\/fraktalwerk.de\/es\/projektraum","title":{"rendered":"SALA DE PROYECTOS"},"content":{"rendered":"\n<figure class=\"wp-block-image size-large\"><img loading=\"lazy\" decoding=\"async\" width=\"600\" height=\"293\" src=\"https:\/\/fraktalwerk.de\/wp-content\/uploads\/2022\/08\/Projektraum_Header_2022-1-600x293.jpg\" alt=\"\" class=\"wp-image-1071\" srcset=\"https:\/\/fraktalwerk.de\/wp-content\/uploads\/2022\/08\/Projektraum_Header_2022-1-600x293.jpg 600w, https:\/\/fraktalwerk.de\/wp-content\/uploads\/2022\/08\/Projektraum_Header_2022-1-400x195.jpg 400w, https:\/\/fraktalwerk.de\/wp-content\/uploads\/2022\/08\/Projektraum_Header_2022-1-200x98.jpg 200w, https:\/\/fraktalwerk.de\/wp-content\/uploads\/2022\/08\/Projektraum_Header_2022-1.jpg 985w\" sizes=\"auto, (max-width: 600px) 100vw, 600px\" \/><figcaption class=\"wp-element-caption\">Marlen Wagner, Libertad Esmeralda Iocco, Robert Krokowski<\/figcaption><\/figure>\n\n\n\n<p>La Fraktalwerk es un espacio para proyectos art\u00edsticos. <br>Nos interesa especialmente la conexi\u00f3n de diferentes formas en el trabajo del espacio del proyecto. <br>Teatro, cine, danza, fotograf\u00eda, instalaciones, literatura, m\u00fasica, land art, arte urbano, performance, escritura \u2026 Nuestros proyectos se sit\u00faan en la interfaz de varios de estos campos. <br>Nuestros proyectos suelen girar en torno a las experiencias de umbral y el cruce de fronteras, no s\u00f3lo art\u00edsticas, sino tambi\u00e9n personales y sociales. <br>Por ello, en algunos de nuestros proyectos nos gusta colaborar con invitados que est\u00e9n interesados en realizar y compartir este tipo de experiencias. <br>Tambi\u00e9n llamamos <a href=\"https:\/\/fraktalwerk.de\/es\/fraktale\">fractales<\/a> a los resultados de nuestro trabajo. <br>Los proyectos de Fraktalwerk existen desde hace m\u00e1s de 15 a\u00f1os. <br>Durante este tiempo, la Fraktalwerk ha ofrecido y sigue ofreciendo espacio para experiencias de acci\u00f3n performativa (conjunta) en proyectos est\u00e9ticos. Son un formato para combinar el arte participativo con la educaci\u00f3n est\u00e9tica. <\/p>\n\n\n\n<p><meta charset=\"utf-8\">Marlen Wagner, Libertad Esmeralda Iocco, Robert Krokowski<\/p>\n","protected":false},"excerpt":{"rendered":"<p>La Fraktalwerk es un espacio para proyectos art\u00edsticos. Nos interesa especialmente la conexi\u00f3n de diferentes formas en el trabajo del<a class=\"moretag\" href=\"https:\/\/fraktalwerk.de\/es\/projektraum\"> [&#8230;]<\/a><\/p>\n","protected":false},"author":1,"featured_media":0,"parent":0,"menu_order":0,"comment_status":"closed","ping_status":"closed","template":"","meta":{"footnotes":""},"class_list":["post-1806","page","type-page","status-publish","hentry"],"_links":{"self":[{"href":"https:\/\/fraktalwerk.de\/es\/wp-json\/wp\/v2\/pages\/1806","targetHints":{"allow":["GET"]}}],"collection":[{"href":"https:\/\/fraktalwerk.de\/es\/wp-json\/wp\/v2\/pages"}],"about":[{"href":"https:\/\/fraktalwerk.de\/es\/wp-json\/wp\/v2\/types\/page"}],"author":[{"embeddable":true,"href":"https:\/\/fraktalwerk.de\/es\/wp-json\/wp\/v2\/users\/1"}],"replies":[{"embeddable":true,"href":"https:\/\/fraktalwerk.de\/es\/wp-json\/wp\/v2\/comments?post=1806"}],"version-history":[{"count":0,"href":"https:\/\/fraktalwerk.de\/es\/wp-json\/wp\/v2\/pages\/1806\/revisions"}],"wp:attachment":[{"href":"https:\/\/fraktalwerk.de\/es\/wp-json\/wp\/v2\/media?parent=1806"}],"curies":[{"name":"wp","href":"https:\/\/api.w.org\/{rel}","templated":true}]}}