{"id":1963,"date":"2017-01-02T21:22:49","date_gmt":"2017-01-02T20:22:49","guid":{"rendered":"https:\/\/fraktalwerk.de\/fraktale"},"modified":"2022-11-01T12:49:04","modified_gmt":"2022-11-01T11:49:04","slug":"fraktale","status":"publish","type":"page","link":"https:\/\/fraktalwerk.de\/es\/fraktale","title":{"rendered":"FRACTALES"},"content":{"rendered":"\n<p>Llamamos obras fractales a las cosas y los objetos, a las fotos y las pel\u00edculas, a las estructuras sonoras y escritas, a las instalaciones y los montajes, a las performances y las secuencias de danza, que se reelaboran, conectan y cambian constantemente. Son momentos de nuestro trabajo com\u00fan en proceso y resultados de la colaboraci\u00f3n con los invitados de nuestro espacio de proyectos.<\/p>\n\n\n\n<p>Repeticiones (variaciones) y transformaciones (en nuevas versiones): Para ello utilizamos el t\u00e9rmino \u00abfractales\u00bb. Desvinculamos el t\u00e9rmino de su uso puramente matem\u00e1tico y lo utilizamos para designar las actividades art\u00edsticas contempor\u00e1neas. Esto incluye piezas \u00fanicas, m\u00faltiplos, ready-mades y ready-founds &#8211; en resumen, todo lo que tradicionalmente tambi\u00e9n se llama \u00abobras de arte\u00bb, pero tambi\u00e9n objetos encontrados de la naturaleza y la cultura cuando nos miran y nos inspiran, y momentos de actuaci\u00f3n y danza que nos conmueven y nos tocan.<\/p>\n\n\n\n<p>Nos interesan la erosi\u00f3n, la intemperie, el envejecimiento, el lavado, la decadencia, el olvido, el desplazamiento, el sobrecrecimiento, el exceso de adherencia, el \u00f3xido, el polvo, la degradaci\u00f3n, el desgaste, la p\u00e1tina, el uso y el consumo, la ana y la metamorfosis, la disoluci\u00f3n, la transformaci\u00f3n, la apropiaci\u00f3n indebida, la retirada, la fragmentaci\u00f3n, la rotura, el desvanecimiento, la usurpaci\u00f3n, la fatiga material, la contracci\u00f3n, la decadencia y la desintegraci\u00f3n.<\/p>\n\n\n\n<p>Nos interesa lo que se desecha y rechaza, lo que queda atr\u00e1s, tirado y parado, hundido, olvidado, desgastado y usado, perdido, descartado y segregado, marginado, excluido, desechado y devaluado, y revalorizado, inutilizado y sobrante, malversado y desfigurado, escondido y oculto, vaciado y embarcado, enterrado, maldito y ca\u00eddo, abandonado.<\/p>\n\n\n\n<p>Nos interesan las huellas que hacen legible el tiempo presente como condensaci\u00f3n del pasado y del futuro.<\/p>\n","protected":false},"excerpt":{"rendered":"<p>Llamamos obras fractales a las cosas y los objetos, a las fotos y las pel\u00edculas, a las estructuras sonoras y<a class=\"moretag\" href=\"https:\/\/fraktalwerk.de\/es\/fraktale\"> [&#8230;]<\/a><\/p>\n","protected":false},"author":1,"featured_media":0,"parent":0,"menu_order":0,"comment_status":"closed","ping_status":"closed","template":"","meta":{"footnotes":""},"class_list":["post-1963","page","type-page","status-publish","hentry"],"_links":{"self":[{"href":"https:\/\/fraktalwerk.de\/es\/wp-json\/wp\/v2\/pages\/1963","targetHints":{"allow":["GET"]}}],"collection":[{"href":"https:\/\/fraktalwerk.de\/es\/wp-json\/wp\/v2\/pages"}],"about":[{"href":"https:\/\/fraktalwerk.de\/es\/wp-json\/wp\/v2\/types\/page"}],"author":[{"embeddable":true,"href":"https:\/\/fraktalwerk.de\/es\/wp-json\/wp\/v2\/users\/1"}],"replies":[{"embeddable":true,"href":"https:\/\/fraktalwerk.de\/es\/wp-json\/wp\/v2\/comments?post=1963"}],"version-history":[{"count":0,"href":"https:\/\/fraktalwerk.de\/es\/wp-json\/wp\/v2\/pages\/1963\/revisions"}],"wp:attachment":[{"href":"https:\/\/fraktalwerk.de\/es\/wp-json\/wp\/v2\/media?parent=1963"}],"curies":[{"name":"wp","href":"https:\/\/api.w.org\/{rel}","templated":true}]}}