{"id":1970,"date":"2017-01-02T21:14:36","date_gmt":"2017-01-02T20:14:36","guid":{"rendered":"https:\/\/fraktalwerk.de\/datenschutz"},"modified":"2022-11-15T11:38:57","modified_gmt":"2022-11-15T10:38:57","slug":"datenschutz","status":"publish","type":"page","link":"https:\/\/fraktalwerk.de\/es\/datenschutz","title":{"rendered":"Protecci\u00f3n de datos"},"content":{"rendered":"\n<p><strong>Pol\u00edtica&nbsp;de privacidad<\/strong><\/p>\n\n\n\n<p><strong>Aviso&nbsp;legal<\/strong><\/p>\n\n\n\n<p><strong>1.&nbsp;Pol\u00edtica de privacidad<\/strong><\/p>\n\n\n\n<p>Cuando usted visita nuestra p\u00e1gina web, a veces se&nbsp;almacenan los llamados datos personales. La seguridad&nbsp;y la transparencia del&nbsp;tratamiento de datos son importantes para nosotros. Por ello, a continuaci\u00f3n le&nbsp;informamos sobre la finalidad, la naturaleza y la base jur\u00eddica del tratamiento&nbsp;de datos.<\/p>\n\n\n\n<p>Nuestra informaci\u00f3n se refiere \u00fanicamente a nuestro sitio&nbsp;web y a posibles subp\u00e1ginas. Nuestro sitio web&nbsp;puede contener enlaces a sitios&nbsp;web de otros proveedores. Nuestra declaraci\u00f3n de protecci\u00f3n de datos no&nbsp;se&nbsp;aplica a los sitios web de otros proveedores. Si abandona nuestro sitio web a&nbsp;trav\u00e9s de un enlace&nbsp;correspondiente, inf\u00f3rmese sobre la protecci\u00f3n de datos de&nbsp;su proveedor en el sitio web de destino.<\/p>\n\n\n\n<p><strong>2. Datos&nbsp;personales<\/strong><\/p>\n\n\n\n<p>Los datos personales son todos los detalles individuales&nbsp;sobre las circunstancias personales o de hecho de&nbsp;una persona f\u00edsica&nbsp;identificada o identificable (\u00a7 3 p\u00e1rrafo 1 de la Ley Federal de Protecci\u00f3n de&nbsp;Datos). Se&nbsp;trata de toda la informaci\u00f3n relativa a una persona f\u00edsica&nbsp;identificada o identificable (art. 4, apartado 1, del&nbsp;Reglamento General de&nbsp;Protecci\u00f3n de Datos de la UE, en lo sucesivo denominado EU-DSGVO). Aqu\u00ed se&nbsp;mencionan, por ejemplo, el nombre, la direcci\u00f3n, la direcci\u00f3n de correo&nbsp;electr\u00f3nico, el n\u00famero de tel\u00e9fono y&nbsp;probablemente tambi\u00e9n la direcci\u00f3n IP. En&nbsp;cambio, no son datos personales si la informaci\u00f3n no permite&nbsp;sacar ninguna&nbsp;conclusi\u00f3n sobre su identidad. Esto incluye, por ejemplo, informaci\u00f3n sobre su&nbsp;edad sin&nbsp;ninguna referencia espec\u00edfica a su persona.<\/p>\n\n\n\n<p><strong>3.&nbsp;Recogida y almacenamiento de datos personales y no personales<\/strong><\/p>\n\n\n\n<p><strong>a. Visitar&nbsp;el sitio web<\/strong><\/p>\n\n\n\n<p>Cuando usted visita nuestro sitio web www.fraktalwerk.de,&nbsp;los datos son recogidos por el navegador&nbsp;utilizado en su dispositivo final.&nbsp;Estos datos se transmiten autom\u00e1ticamente al servidor de nuestro sitio&nbsp;web. La&nbsp;informaci\u00f3n se almacena temporalmente en el llamado archivo de registro. La&nbsp;siguiente&nbsp;informaci\u00f3n se recoge sin su intervenci\u00f3n y se almacena hasta su&nbsp;eliminaci\u00f3n autom\u00e1tica:<\/p>\n\n\n\n<p>\u2013 Tipo y versi\u00f3n del navegador,<\/p>\n\n\n\n<p>\u2013 Sistema operativo utilizado,<\/p>\n\n\n\n<p>\u2013 URL de referencia (la p\u00e1gina visitada anteriormente),<\/p>\n\n\n\n<p>\u2013 Direcci\u00f3n IP del ordenador que accede,<\/p>\n\n\n\n<p>\u2013 Fecha y hora de acceso a la solicitud del servidor,<\/p>\n\n\n\n<p>\u2013 nombre de archivo y URL (solicitud de archivo del&nbsp;cliente).<\/p>\n\n\n\n<p>En ning\u00fan caso se utilizar\u00e1n los datos recogidos a trav\u00e9s&nbsp;de su visita al sitio web para sacar conclusiones&nbsp;sobre su persona.<\/p>\n\n\n\n<p><strong>b.&nbsp;Contactar con nosotros por correo electr\u00f3nico<\/strong><\/p>\n\n\n\n<p>Si se pone en contacto con nosotros por correo&nbsp;electr\u00f3nico, es necesario que indique su direcci\u00f3n de correo&nbsp;electr\u00f3nico. En&nbsp;este caso, se guardar\u00e1 su direcci\u00f3n de correo electr\u00f3nico. La informaci\u00f3n&nbsp;adicional es&nbsp;voluntaria.<\/p>\n\n\n\n<p>Si tratamos los datos personales que nos ha transmitido&nbsp;por correo electr\u00f3nico, los eliminaremos&nbsp;autom\u00e1ticamente una vez que hayamos&nbsp;atendido la consulta que nos ha hecho, a menos que exista una&nbsp;obligaci\u00f3n legal&nbsp;de conservarlos.<\/p>\n\n\n\n<p>Se advierte que los correos electr\u00f3nicos pueden ser&nbsp;le\u00eddos o modificados sin autorizaci\u00f3n y sin que se note&nbsp;durante su transmisi\u00f3n.&nbsp;Se le advierte que es responsable de la transmisi\u00f3n segura de datos personales&nbsp;por&nbsp;correo electr\u00f3nico y que, en caso de duda, debe elegir un m\u00e9todo&nbsp;alternativo seguro de transmisi\u00f3n de&nbsp;datos.<\/p>\n\n\n\n<p><strong>c.&nbsp;Tratamiento posterior de los datos<\/strong><\/p>\n\n\n\n<p>Adem\u00e1s de los datos que acabamos de mencionar, es posible&nbsp;que no utilicemos cookies o servicios de&nbsp;an\u00e1lisis en nuestro sitio web, ya sea&nbsp;de forma permanente o temporal.<\/p>\n\n\n\n<p><strong>4. Tipo y&nbsp;prop\u00f3sito de uso<\/strong><\/p>\n\n\n\n<p>Los datos mencionados en el punto 2. son tratados por&nbsp;nosotros para los siguientes fines:<\/p>\n\n\n\n<p><strong>a. Visitar&nbsp;el sitio web<\/strong><\/p>\n\n\n\n<p>\u2013 Garantizar una conexi\u00f3n fluida con el sitio web,<\/p>\n\n\n\n<p>\u2013 Garantizar un uso c\u00f3modo del sitio web,<\/p>\n\n\n\n<p>\u2013 evaluaci\u00f3n de la seguridad y la estabilidad del&nbsp;sistema,<\/p>\n\n\n\n<p>\u2013 para otros fines administrativos.<\/p>\n\n\n\n<p><strong>b.&nbsp;Contactar con nosotros por correo electr\u00f3nico<\/strong><\/p>\n\n\n\n<p>\u2013 Asignaci\u00f3n de qui\u00e9n viene la consulta para poder&nbsp;responderla.<\/p>\n\n\n\n<p><strong>5. Fundamento jur\u00eddico del tratamiento de datos<\/strong><\/p>\n\n\n\n<p><strong>a. Visitar el sitio web<\/strong><\/p>\n\n\n\n<p>La base legal para&nbsp;el tratamiento de datos al ponerse en contacto con nosotros por correo&nbsp;electr\u00f3nico es el art. 6&nbsp;p\u00e1rr. 1 p. 1 lit. a EU-DSGVO, ya que usted da&nbsp;voluntariamente su consentimiento para el tratamiento de su&nbsp;direcci\u00f3n de correo&nbsp;electr\u00f3nico y otros datos al ponerse en contacto con nosotros.<\/p>\n\n\n\n<p><strong>6. Transferencia de datos&nbsp;a terceros<\/strong><\/p>\n\n\n\n<p>Sus datos&nbsp;personales est\u00e1n seguros con nosotros. Por principio, s\u00f3lo los transmitimos a&nbsp;determinados terceros si&nbsp;lo permite la ley o si usted lo ha consentido.<\/p>\n\n\n\n<p><strong>7. Sus derechos<\/strong><\/p>\n\n\n\n<p><strong>a. Derecho a la&nbsp;informaci\u00f3n<\/strong><\/p>\n\n\n\n<p>De acuerdo con el&nbsp;Art. 15 de la EU-DSGVO, usted tiene derecho a solicitar informaci\u00f3n gratuita&nbsp;sobre sus datos&nbsp;personales almacenados por nosotros. Si lo solicita, le&nbsp;informaremos por escrito, de acuerdo con la legislaci\u00f3n&nbsp;aplicable, qu\u00e9 datos&nbsp;personales hemos almacenado sobre usted. En particular, puede solicitar&nbsp;informaci\u00f3n sobre&nbsp;las finalidades del tratamiento, la categor\u00eda de los datos&nbsp;personales, las categor\u00edas de destinatarios a los que se&nbsp;han comunicado o se&nbsp;comunicar\u00e1n sus datos, el per\u00edodo de conservaci\u00f3n previsto, la existencia de un&nbsp;derecho de&nbsp;rectificaci\u00f3n, supresi\u00f3n, limitaci\u00f3n del tratamiento u oposici\u00f3n, la&nbsp;existencia de un derecho de reclamaci\u00f3n, el&nbsp;origen de sus datos si no han sido&nbsp;recogidos por nosotros, as\u00ed como sobre la existencia de una toma de&nbsp;decisiones&nbsp;automatizada, incluida la elaboraci\u00f3n de perfiles y, en su caso, informaci\u00f3n&nbsp;significativa sobre sus&nbsp;detalles.<\/p>\n\n\n\n<p><strong>b. Derecho de&nbsp;rectificaci\u00f3n<\/strong><\/p>\n\n\n\n<p>De conformidad con&nbsp;el art\u00edculo 16 de la EU-DSGVO, usted tiene derecho a exigir que corrijamos&nbsp;cualquier dato&nbsp;personal inexacto o incompleto relacionado con usted que hayamos&nbsp;almacenado.<\/p>\n\n\n\n<p><strong>c. Derecho de supresi\u00f3n<\/strong><\/p>\n\n\n\n<p>De conformidad con&nbsp;el art. 17 de la EU-DSGVO, usted tiene derecho a solicitar la supresi\u00f3n de sus&nbsp;datos&nbsp;personales almacenados por nosotros, a menos que el tratamiento sea&nbsp;necesario para el ejercicio del derecho a la&nbsp;libertad de expresi\u00f3n e&nbsp;informaci\u00f3n, para el cumplimiento de una obligaci\u00f3n legal, por razones de&nbsp;inter\u00e9s&nbsp;p\u00fablico o para la afirmaci\u00f3n, el ejercicio o la defensa de&nbsp;reclamaciones legales.<\/p>\n\n\n\n<p><strong>d. Derecho a la&nbsp;limitaci\u00f3n del tratamiento<\/strong><\/p>\n\n\n\n<p>De conformidad con&nbsp;el art\u00edculo 18 de la Ley de Protecci\u00f3n de Datos de la Uni\u00f3n Europea, usted&nbsp;tiene derecho a&nbsp;solicitar la limitaci\u00f3n del tratamiento de sus datos&nbsp;personales, siempre que impugne la exactitud de los datos, el&nbsp;tratamiento sea&nbsp;ilegal, pero se oponga a su supresi\u00f3n y ya no necesitemos los datos, pero los&nbsp;necesite para la&nbsp;formulaci\u00f3n, el ejercicio o la defensa de reclamaciones&nbsp;legales o se haya opuesto al tratamiento de conformidad&nbsp;con el art\u00edculo 21 de&nbsp;la Ley de Protecci\u00f3n de Datos de la Uni\u00f3n Europea.<\/p>\n\n\n\n<p><strong>e. Derecho a la&nbsp;portabilidad de los datos<\/strong><\/p>\n\n\n\n<p>De conformidad con&nbsp;el art\u00edculo 20 de la EU-DSGVO, usted tiene derecho a recibir los datos&nbsp;personales que nos&nbsp;ha facilitado en un formato estructurado, com\u00fan y legible&nbsp;por m\u00e1quina o a solicitar que se transfieran a otro&nbsp;responsable del&nbsp;tratamiento.<\/p>\n\n\n\n<p><strong>f. Derecho a retirar el&nbsp;consentimiento<\/strong><\/p>\n\n\n\n<p>Tratamos sus datos&nbsp;sobre la base de las competencias legales. En la medida en que tratamos sus&nbsp;datos en casos&nbsp;excepcionales sobre la base del consentimiento, usted tiene&nbsp;derecho a revocar este consentimiento en cualquier&nbsp;momento (art. 7 (3) DSGVO).&nbsp;Esto tiene como consecuencia que ya no podemos continuar con el&nbsp;procesamiento&nbsp;de datos basado en este consentimiento para el futuro.<\/p>\n\n\n\n<p><strong>g. Derecho a reclamar&nbsp;ante la autoridad de control<\/strong><\/p>\n\n\n\n<p>De acuerdo con el&nbsp;art\u00edculo 77 de la EU-DSGVO, usted tiene derecho a reclamar ante la autoridad de&nbsp;control&nbsp;competente. Por regla general, puede dirigirse a la autoridad de control&nbsp;de su lugar de residencia habitual.<\/p>\n\n\n\n<p><strong>8. Derecho de oposici\u00f3n<\/strong><\/p>\n\n\n\n<p>De conformidad con&nbsp;el art\u00edculo 21 de la EU-DSGVO, usted tiene derecho a oponerse al tratamiento de&nbsp;sus datos&nbsp;personales por nuestra parte sobre la base de intereses leg\u00edtimos&nbsp;seg\u00fan el art\u00edculo 6, apartado 1, frase 1, letra f&nbsp;de la EU-DSGVO (v\u00e9anse las&nbsp;explicaciones anteriores bajo el n\u00famero 4, letra a, c y d), siempre que existan&nbsp;razones para ello que se deriven de su situaci\u00f3n particular o que la objeci\u00f3n&nbsp;se dirija contra la publicidad directa.&nbsp;En este \u00faltimo caso, usted tiene un&nbsp;derecho general de oposici\u00f3n que nosotros aplicamos sin especificar una&nbsp;situaci\u00f3n concreta. Si hace uso de su derecho de oposici\u00f3n, basta con enviar un&nbsp;correo electr\u00f3nico a&nbsp;office@Fraktalwerk.de.<\/p>\n\n\n\n<p><strong>9. Seguridad de los datos<\/strong><\/p>\n\n\n\n<p>De acuerdo con el&nbsp;art. 32 (1) de la EU-DSGVO, utilizamos medidas t\u00e9cnicas y organizativas para la&nbsp;seguridad&nbsp;del procesamiento de datos con el fin de proteger los datos&nbsp;personales contra la manipulaci\u00f3n accidental o&nbsp;intencionada, la p\u00e9rdida, la&nbsp;destrucci\u00f3n o el acceso por parte de personas no autorizadas. Las medidas de&nbsp;seguridad establecidas se mejoran continuamente en funci\u00f3n de los avances&nbsp;tecnol\u00f3gicos. Sin embargo, tenga en&nbsp;cuenta que ninguna transmisi\u00f3n por Internet&nbsp;puede garantizar una seguridad absoluta o estar libre de errores. En&nbsp;particular, los correos electr\u00f3nicos enviados a o desde este sitio web pueden&nbsp;ser inseguros.<\/p>\n\n\n\n<p><strong>10. Actualizaci\u00f3n y&nbsp;cambios de esta pol\u00edtica de privacidad<\/strong><\/p>\n\n\n\n<p>Esta declaraci\u00f3n&nbsp;de protecci\u00f3n de datos es actualmente v\u00e1lida y tiene el estado de mayo de 2018.&nbsp;Debido al&nbsp;desarrollo posterior de nuestro sitio web y las ofertas en \u00e9l o&nbsp;debido a cambios en los requisitos legales u&nbsp;oficiales, puede ser necesario&nbsp;cambiar esta declaraci\u00f3n de protecci\u00f3n de datos. Puede acceder e imprimir la&nbsp;declaraci\u00f3n de protecci\u00f3n de datos actual en cualquier momento en el sitio web&nbsp;http:\/\/www.fraktalwerk.de\/datenschutz.html.<\/p>\n\n\n\n<p><strong>11 Nombre y datos de&nbsp;contacto del responsable del tratamiento<\/strong><\/p>\n\n\n\n<p>La informaci\u00f3n&nbsp;sobre protecci\u00f3n de datos anterior se aplica al tratamiento de datos por parte&nbsp;de:<\/p>\n\n\n\n<p><strong>Responsable:<\/strong><\/p>\n\n\n\n<p>Susanne Kretzer, Florastr. 4, 13187&nbsp;Berl\u00edn.<\/p>\n\n\n\n<p>Correo&nbsp;electr\u00f3nico: office(at)fraktalwerk.de<\/p>\n\n\n\n<p>Tel\u00e9fono: 030 49 00 19 83<\/p>\n\n\n\n<p><\/p>\n\n\n<h4>Download <a href=\"https:\/\/fraktalwerk.de\/wp-content\/uploads\/2022\/11\/Politica-de-privacidad.pdf\">Pol\u00edtica de privacidad PDF<\/a><\/h4>\n<article class=\"module mod_article\"><\/article>\n<article class=\"module mod_article\"><header class=\"article_head\">\n<hgroup><\/hgroup>\n<\/header><\/article>","protected":false},"excerpt":{"rendered":"<p>Pol\u00edtica&nbsp;de privacidad Aviso&nbsp;legal 1.&nbsp;Pol\u00edtica de privacidad Cuando usted visita nuestra p\u00e1gina web, a veces se&nbsp;almacenan los llamados datos personales. La<a class=\"moretag\" href=\"https:\/\/fraktalwerk.de\/es\/datenschutz\"> [&#8230;]<\/a><\/p>\n","protected":false},"author":1,"featured_media":0,"parent":0,"menu_order":0,"comment_status":"closed","ping_status":"closed","template":"","meta":{"footnotes":""},"class_list":["post-1970","page","type-page","status-publish","hentry"],"_links":{"self":[{"href":"https:\/\/fraktalwerk.de\/es\/wp-json\/wp\/v2\/pages\/1970","targetHints":{"allow":["GET"]}}],"collection":[{"href":"https:\/\/fraktalwerk.de\/es\/wp-json\/wp\/v2\/pages"}],"about":[{"href":"https:\/\/fraktalwerk.de\/es\/wp-json\/wp\/v2\/types\/page"}],"author":[{"embeddable":true,"href":"https:\/\/fraktalwerk.de\/es\/wp-json\/wp\/v2\/users\/1"}],"replies":[{"embeddable":true,"href":"https:\/\/fraktalwerk.de\/es\/wp-json\/wp\/v2\/comments?post=1970"}],"version-history":[{"count":0,"href":"https:\/\/fraktalwerk.de\/es\/wp-json\/wp\/v2\/pages\/1970\/revisions"}],"wp:attachment":[{"href":"https:\/\/fraktalwerk.de\/es\/wp-json\/wp\/v2\/media?parent=1970"}],"curies":[{"name":"wp","href":"https:\/\/api.w.org\/{rel}","templated":true}]}}