{"id":4399,"date":"2024-01-12T11:04:40","date_gmt":"2024-01-12T10:04:40","guid":{"rendered":"https:\/\/fraktalwerk.de\/libertad-esmeralda-iocco"},"modified":"2024-04-22T21:48:37","modified_gmt":"2024-04-22T19:48:37","slug":"libertad-esmeralda-iocco","status":"publish","type":"page","link":"https:\/\/fraktalwerk.de\/es\/libertad-esmeralda-iocco","title":{"rendered":"Libertad Esmeralda Iocco"},"content":{"rendered":"\n<figure class=\"wp-block-image size-large\"><img loading=\"lazy\" decoding=\"async\" width=\"800\" height=\"533\" src=\"https:\/\/fraktalwerk.de\/wp-content\/uploads\/2024\/01\/IMG_0005-800x533.jpg\" alt=\"\" class=\"wp-image-3469\" srcset=\"https:\/\/fraktalwerk.de\/wp-content\/uploads\/2024\/01\/IMG_0005-800x533.jpg 800w, https:\/\/fraktalwerk.de\/wp-content\/uploads\/2024\/01\/IMG_0005-400x267.jpg 400w, https:\/\/fraktalwerk.de\/wp-content\/uploads\/2024\/01\/IMG_0005-200x133.jpg 200w, https:\/\/fraktalwerk.de\/wp-content\/uploads\/2024\/01\/IMG_0005-1536x1024.jpg 1536w, https:\/\/fraktalwerk.de\/wp-content\/uploads\/2024\/01\/IMG_0005.jpg 2000w\" sizes=\"auto, (max-width: 800px) 100vw, 800px\" \/><figcaption class=\"wp-element-caption\">\u00a9 Nicol\u00e1s Freda<\/figcaption><\/figure>\n\n\n\n<p><a href=\"https:\/\/libertadesmeralda.wixsite.com\/libertad\">https:\/\/libertadesmeralda.wixsite.com\/libertad<\/a><\/p>\n\n\n\n<p><\/p>\n\n\n\n<p><strong>2024<\/strong> Bailarina y core\u00f3grafa en \u00abBroken Bodies\u00bb como parte de la plataforma de danza HIER=JETZT 2024 en M\u00fanich, Alemania<br><strong>2024<\/strong> Bailarina en \u00abAnhelo Sehnsucht\u00bb Danza-v\u00eddeo de Mercedes Falkenberg | Alemania &amp;<br>Argentina<br><strong>2023<\/strong> Bailarina y core\u00f3grafa en \u00abThings that no longer move\u00bb Danza-v\u00eddeo de Iocco, en Berl\u00edn<br><strong>2023<\/strong> Bailarina en \u00abContinuidad intermitente\u00bb de Iocco &amp; Bertone, en Berl\u00edn<br><strong>2023<\/strong> Bailarina y core\u00f3grafa en \u00abTango Passagge\u00bb de Fraktalwerk Projekt Raum, en Berg\u00fcn, Suiza<br><strong>2023<\/strong> Bailarina y core\u00f3grafa junto a Katherin Rojas Contreras \u00abLa tarde de un d\u00eda infinito. Versi\u00f3n d\u00fao\u00bb Festival A.Part en Berl\u00edn<br><strong>2023 <\/strong>Bailarina en \u00abThe known unknown\u00bb de Akiles, en Berl\u00edn<br><strong>2022<\/strong> Bailarina y core\u00f3grafa en \u00abDer Nachmittag eines unendlichen Tages\u00bb, Chemnitz,<br>Alemania<br><strong>2022<\/strong> Bailarina en \u00abCosmica 1971\u00bb de Britt August, Berl\u00edn, Alemania<br><strong>2021<\/strong> Bailarina en \u00abZeitbrucht\u00bb de Valentina Menz, en Potsdam, Alemania<\/p>\n\n\n\n<p><strong>2021<\/strong> Beca en el marco del programa DIS-TANZ-SOLO para el proyecto Fraktalwerk \u00abEntangelments\u00bb &#8211; Embodiments of Messages in Motion.<\/p>\n\n\n\n<p><strong>desde 2020<\/strong> Proyecto Fraktalwerk \u00abEntangelments\u00bb con Marlen Wagner y Robert Krokowski<\/p>\n\n\n\n<p><strong>2020\/2021<\/strong> Coreograf\u00eda y danza para el v\u00eddeo \u00abund in der Astgabel ein Rabe\u00bb, dir. Marlen Wagner, Berl\u00edn; bailarina e int\u00e9rprete en el proyecto de arte participativo \u00abTraumbeute\u00bb, Fraktalwerk, espacio para proyectos est\u00e9ticos, Berl\u00edn, (documentaci\u00f3n en proceso) \/ Formaci\u00f3n de profesores de pilates y yoga online, preparaci\u00f3n de clases de danza contempor\u00e1nea, tango despu\u00e9s del encierro, planificaci\u00f3n de proyectos de danza contempor\u00e1nea y participativa.<\/p>\n\n\n\n<p><strong>2019\/2020<\/strong> Junto con Ana Kancepolsky \u00abEl viaje es nuestro\u00bb. Performance entre poes\u00eda y danza. \u00ab\u00bfPor qu\u00e9 viajas? Un viaje que hiciste hace a\u00f1os tiene sentido en un viaje que est\u00e1s haciendo ahora. La respuesta est\u00e1 en la reflexi\u00f3n de un amigo que viaja por donde t\u00fa has viajado y crea nuevos caminos\u2026\u00bb. \/ Enfoque en proyectos de danza participativa.<\/p>\n\n\n\n<p><strong>2018<\/strong> Bailarina en el v\u00eddeo de danza \u00abReplica\u00bb de Mercedes Falkenberg, Pisando Pliegos Production. Este video particip\u00f3 en los siguientes festivales: V edici\u00f3n IMARP (Brasil), Cultural Cinema Showcase Hispanic-Latinic Heritage, (California, Estados Unidos). \u00abLa atracci\u00f3n del abrazo, el despliegue de su feminidad a trav\u00e9s del poder de los cuerpos, en el marco del tiempo\/lugar\u00bb.<\/p>\n\n\n\n<p><strong>2017\/2018<\/strong> Core\u00f3grafa en el espect\u00e1culo \u00abVelar Por\u00bb de Rosa Teichmann. Financiado por la Universidad Nacional de La Plata. Performance que contin\u00faa el di\u00e1logo de las pel\u00edculas \u00abUteros. Una mirada de Elsa Pav\u00f3n\u00bb y \u00abChicha, esperanza y dolor\u00bb. Con el objetivo de continuar la b\u00fasqueda de verdad y justicia por los 30.000 desaparecidos durante la \u00faltima dictadura.<\/p>\n\n\n\n<p><strong>2017\/2018<\/strong> Profesora de Conciencia Corporal en la Escuela de Danzas Tradicionales de La Plata, Buenos Aires, Argentina.<\/p>\n\n\n\n<p><strong>2013-2016<\/strong> Estudios con t\u00edtulo Profesora de danza contempor\u00e1nea. (Profesora de danza orientaci\u00f3n danza contempor\u00e1nea) Calificaci\u00f3n final 8,51, otorgada por la Escuela de Danzas Cl\u00e1sicas de La Plata, Buenos Aires, Argentina.<\/p>\n\n\n\n<p><strong>2013-2016<\/strong> Bailarina en \u00abHacia la contemplaci\u00f3n\u00bb del grupo Prajna Karuna (Arg. 2013), obra experimental entre m\u00fasica original y danza que tom\u00f3 el momento presente como elemento principal, y proyectos similares; bailarina en \u00abSeMiCirculo\u00bb de Luc\u00eda Sandoval (Arg. 2014), obra que combina danza contempor\u00e1nea y tango. \u00abMalVinas. Huellas en el agua\u00bb de Danzaaci\u00f3n (2016). Danza-video homenaje a los sobrevivientes de la guerra por las Malvinas en Argentina. Director de \u00abOpuesto Complementario\u00bb (2016) sobre la combinaci\u00f3n de extremos opuestos.<\/p>\n\n\n\n<p><strong>2011-2018<\/strong> Profesora para ni\u00f1os (danza folkl\u00f3rica, danza y m\u00fasica), Centro de Ense\u00f1anza de Arte y Ciencia. La Plata, Buenos Aires, Argentina; Escuela Privada \u00abJos\u00e9 Manuel Estrada\u00bb, La Plata Buenos Aires Argentina; Escuelas P\u00fablicas N\u00b038, N\u00b021, N\u00b08 D.G.C.y E. La Plata y Escuela N\u00b01 de Berisso, Buenos Aires, Argentina<\/p>\n\n\n\n<p><strong>2008-2016<\/strong> Egresada como Bailarina int\u00e9rprete de danza contempor\u00e1nea. (Bailarina int\u00e9rprete de danza contempor\u00e1nea); otorgado por la Escuela de Danzas Cl\u00e1sicas de La Plata, Buenos Aires, Argentina<\/p>\n","protected":false},"excerpt":{"rendered":"<p>https:\/\/libertadesmeralda.wixsite.com\/libertad 2024 Bailarina y core\u00f3grafa en \u00abBroken Bodies\u00bb como parte de la plataforma de danza HIER=JETZT 2024 en M\u00fanich, Alemania2024<a class=\"moretag\" href=\"https:\/\/fraktalwerk.de\/es\/libertad-esmeralda-iocco\"> [&#8230;]<\/a><\/p>\n","protected":false},"author":3,"featured_media":3471,"parent":0,"menu_order":1,"comment_status":"closed","ping_status":"closed","template":"","meta":{"footnotes":""},"class_list":["post-4399","page","type-page","status-publish","has-post-thumbnail","hentry"],"_links":{"self":[{"href":"https:\/\/fraktalwerk.de\/es\/wp-json\/wp\/v2\/pages\/4399","targetHints":{"allow":["GET"]}}],"collection":[{"href":"https:\/\/fraktalwerk.de\/es\/wp-json\/wp\/v2\/pages"}],"about":[{"href":"https:\/\/fraktalwerk.de\/es\/wp-json\/wp\/v2\/types\/page"}],"author":[{"embeddable":true,"href":"https:\/\/fraktalwerk.de\/es\/wp-json\/wp\/v2\/users\/3"}],"replies":[{"embeddable":true,"href":"https:\/\/fraktalwerk.de\/es\/wp-json\/wp\/v2\/comments?post=4399"}],"version-history":[{"count":0,"href":"https:\/\/fraktalwerk.de\/es\/wp-json\/wp\/v2\/pages\/4399\/revisions"}],"wp:featuredmedia":[{"embeddable":true,"href":"https:\/\/fraktalwerk.de\/es\/wp-json\/wp\/v2\/media\/3471"}],"wp:attachment":[{"href":"https:\/\/fraktalwerk.de\/es\/wp-json\/wp\/v2\/media?parent=4399"}],"curies":[{"name":"wp","href":"https:\/\/api.w.org\/{rel}","templated":true}]}}